{"id":446,"date":"2025-11-27T06:04:38","date_gmt":"2025-11-27T12:04:38","guid":{"rendered":"https:\/\/paraisolaguna.com\/?page_id=446"},"modified":"2026-02-23T10:46:24","modified_gmt":"2026-02-23T16:46:24","slug":"aguas-termales","status":"publish","type":"page","link":"https:\/\/paraisolaguna.com\/en\/aguas-termales\/","title":{"rendered":"Hot springs"},"content":{"rendered":"<h1>Aguas termales entre la monta\u00f1a y la naturaleza<\/h1>\n<p>\t\t\t\t\t<a href=\"https:\/\/api.whatsapp.com\/send?phone=529541611334\" target=\"_blank\" rel=\"noopener\"><br \/>\n\t\t\t\t<svg aria-hidden=\"true\" viewbox=\"0 0 448 512\" xmlns=\"http:\/\/www.w3.org\/2000\/svg\"><path d=\"M380.9 97.1C339 55.1 283.2 32 223.9 32c-122.4 0-222 99.6-222 222 0 39.1 10.2 77.3 29.6 111L0 480l117.7-30.9c32.4 17.7 68.9 27 106.1 27h.1c122.3 0 224.1-99.6 224.1-222 0-59.3-25.2-115-67.1-157zm-157 341.6c-33.2 0-65.7-8.9-94-25.7l-6.7-4-69.8 18.3L72 359.2l-4.4-7c-18.5-29.4-28.2-63.3-28.2-98.2 0-101.7 82.8-184.5 184.6-184.5 49.3 0 95.6 19.2 130.4 54.1 34.8 34.9 56.2 81.2 56.1 130.5 0 101.8-84.9 184.6-186.6 184.6zm101.2-138.2c-5.5-2.8-32.8-16.2-37.9-18-5.1-1.9-8.8-2.8-12.5 2.8-3.7 5.6-14.3 18-17.6 21.8-3.2 3.7-6.5 4.2-12 1.4-32.6-16.3-54-29.1-75.5-66-5.7-9.8 5.7-9.1 16.3-30.3 1.8-3.7.9-6.9-.5-9.7-1.4-2.8-12.5-30.1-17.1-41.2-4.5-10.8-9.1-9.3-12.5-9.5-3.2-.2-6.9-.2-10.6-.2-3.7 0-9.7 1.4-14.8 6.9-5.1 5.6-19.4 19-19.4 46.3 0 27.3 19.9 53.7 22.6 57.4 2.8 3.7 39.1 59.7 94.8 83.8 35.2 15.2 49 16.5 66.6 13.9 10.7-1.6 32.8-13.4 37.4-26.4 4.6-13 4.6-24.1 3.2-26.4-1.3-2.5-5-3.9-10.5-6.6z\"><\/path><\/svg><br \/>\n\t\t\t\t\t\t\t\t\tGet a quote via WhatsApp<br \/>\n\t\t\t\t\t<\/a><br \/>\n\t\t\t<svg aria-hidden=\"true\" viewbox=\"0 0 512 512\" xmlns=\"http:\/\/www.w3.org\/2000\/svg\"><path d=\"M256 8C119 8 8 119 8 256s111 248 248 248 248-111 248-248S393 8 256 8zm0 448c-110.5 0-200-89.5-200-200S145.5 56 256 56s200 89.5 200 200-89.5 200-200 200zm61.8-104.4l-84.9-61.7c-3.1-2.3-4.9-5.9-4.9-9.7V116c0-6.6 5.4-12 12-12h32c6.6 0 12 5.4 12 12v141.7l66.8 48.6c5.4 3.9 6.5 11.4 2.6 16.8L334.6 349c-3.9 5.3-11.4 6.5-16.8 2.6z\"><\/path><\/svg>\t\t\t<\/p>\n<p>7 horas aproximadamente<\/p>\n<p>\t\t\t<svg aria-hidden=\"true\" viewbox=\"0 0 512 512\" xmlns=\"http:\/\/www.w3.org\/2000\/svg\"><path d=\"M488 128h-8V80c0-44.8-99.2-80-224-80S32 35.2 32 80v48h-8c-13.25 0-24 10.74-24 24v80c0 13.25 10.75 24 24 24h8v160c0 17.67 14.33 32 32 32v32c0 17.67 14.33 32 32 32h32c17.67 0 32-14.33 32-32v-32h192v32c0 17.67 14.33 32 32 32h32c17.67 0 32-14.33 32-32v-32h6.4c16 0 25.6-12.8 25.6-25.6V256h8c13.25 0 24-10.75 24-24v-80c0-13.26-10.75-24-24-24zM112 400c-17.67 0-32-14.33-32-32s14.33-32 32-32 32 14.33 32 32-14.33 32-32 32zm16-112c-17.67 0-32-14.33-32-32V128c0-17.67 14.33-32 32-32h256c17.67 0 32 14.33 32 32v128c0 17.67-14.33 32-32 32H128zm272 112c-17.67 0-32-14.33-32-32s14.33-32 32-32 32 14.33 32 32-14.33 32-32 32z\"><\/path><\/svg>\t\t\t<\/p>\n<p>Transportation Included&nbsp;<\/p>\n<p>\t\t\t<svg aria-hidden=\"true\" viewbox=\"0 0 448 512\" xmlns=\"http:\/\/www.w3.org\/2000\/svg\"><path d=\"M400 64h-48V12c0-6.6-5.4-12-12-12h-40c-6.6 0-12 5.4-12 12v52H160V12c0-6.6-5.4-12-12-12h-40c-6.6 0-12 5.4-12 12v52H48C21.5 64 0 85.5 0 112v352c0 26.5 21.5 48 48 48h352c26.5 0 48-21.5 48-48V112c0-26.5-21.5-48-48-48zm-6 400H54c-3.3 0-6-2.7-6-6V160h352v298c0 3.3-2.7 6-6 6z\"><\/path><\/svg>\t\t\t<\/p>\n<p>Every day<\/p>\n<p>\t\t\t<svg aria-hidden=\"true\" viewbox=\"0 0 448 512\" xmlns=\"http:\/\/www.w3.org\/2000\/svg\"><path d=\"M313.6 304c-28.7 0-42.5 16-89.6 16-47.1 0-60.8-16-89.6-16C60.2 304 0 364.2 0 438.4V464c0 26.5 21.5 48 48 48h352c26.5 0 48-21.5 48-48v-25.6c0-74.2-60.2-134.4-134.4-134.4zM400 464H48v-25.6c0-47.6 38.8-86.4 86.4-86.4 14.6 0 38.3 16 89.6 16 51.7 0 74.9-16 89.6-16 47.6 0 86.4 38.8 86.4 86.4V464zM224 288c79.5 0 144-64.5 144-144S303.5 0 224 0 80 64.5 80 144s64.5 144 144 144zm0-240c52.9 0 96 43.1 96 96s-43.1 96-96 96-96-43.1-96-96 43.1-96 96-96z\"><\/path><\/svg>\t\t\t<\/p>\n<p>Minimum 2 people<\/p>\n<h2>Conoce m\u00e1s&#8230;<\/h2>\n<p>Ad\u00e9ntrate en la vegetaci\u00f3n para descubrir las pozas termales de Atotonilco. Estas aguas naturales tienen propiedades minerales curativas. Es un spa al aire libre rodeado de sonidos de la naturaleza, ideal para desconectar del estr\u00e9s.<\/p>\n<h3>What does it include?<\/h3>\n<p>\u2705 Entrada a las aguas termales<\/p>\n<p>\u2705Paseo en caballo<\/p>\n<p>\u2705Certified guide<\/p>\n<p>\u2705Round trip transportation<\/p>\n<h3>What to bring?<\/h3>\n<p>\u2705Appropriate clothing for swimming<\/p>\n<p>\u2705Towel<\/p>\n<p>\u2705Ropa seca para el regreso<\/p>\n<figure class='gallery-item'>\n\t\t\t\t<a data-elementor-open-lightbox=\"yes\" data-elementor-lightbox-slideshow=\"322662ce\" data-e-action-hash=\"#elementor-action%3Aaction%3Dlightbox%26settings%3DeyJpZCI6NzEwLCJ1cmwiOiJodHRwczpcL1wvcGFyYWlzb2xhZ3VuYS5jb21cL3dwLWNvbnRlbnRcL3VwbG9hZHNcLzIwMjVcLzExXC9HZW1pbmlfR2VuZXJhdGVkX0ltYWdlX3d2bjZoNXd2bjZoNXd2bjYuanBnIiwic2xpZGVzaG93IjoiMzIyNjYyY2UifQ%3D%3D\" href=\"https:\/\/paraisolaguna.com\/wp-content\/uploads\/2025\/11\/Gemini_Generated_Image_wvn6h5wvn6h5wvn6.jpg\"><img fetchpriority=\"high\" width=\"2048\" height=\"2048\" src=\"https:\/\/paraisolaguna.com\/wp-content\/uploads\/2025\/11\/Gemini_Generated_Image_wvn6h5wvn6h5wvn6.jpg\" alt=\"\" decoding=\"async\" srcset=\"https:\/\/paraisolaguna.com\/wp-content\/uploads\/2025\/11\/Gemini_Generated_Image_wvn6h5wvn6h5wvn6.jpg 2048w, https:\/\/paraisolaguna.com\/wp-content\/uploads\/2025\/11\/Gemini_Generated_Image_wvn6h5wvn6h5wvn6-300x300.jpg 300w, https:\/\/paraisolaguna.com\/wp-content\/uploads\/2025\/11\/Gemini_Generated_Image_wvn6h5wvn6h5wvn6-1024x1024.jpg 1024w, https:\/\/paraisolaguna.com\/wp-content\/uploads\/2025\/11\/Gemini_Generated_Image_wvn6h5wvn6h5wvn6-150x150.jpg 150w, https:\/\/paraisolaguna.com\/wp-content\/uploads\/2025\/11\/Gemini_Generated_Image_wvn6h5wvn6h5wvn6-768x768.jpg 768w, https:\/\/paraisolaguna.com\/wp-content\/uploads\/2025\/11\/Gemini_Generated_Image_wvn6h5wvn6h5wvn6-1536x1536.jpg 1536w\" sizes=\"(max-width: 2048px) 100vw, 2048px\" \/><\/a><br \/>\n\t\t\t<\/figure>\n<figure class='gallery-item'>\n\t\t\t\t<a data-elementor-open-lightbox=\"yes\" data-elementor-lightbox-slideshow=\"322662ce\" data-e-action-hash=\"#elementor-action%3Aaction%3Dlightbox%26settings%3DeyJpZCI6NzE0LCJ1cmwiOiJodHRwczpcL1wvcGFyYWlzb2xhZ3VuYS5jb21cL3dwLWNvbnRlbnRcL3VwbG9hZHNcLzIwMjVcLzExXC9HZW1pbmlfR2VuZXJhdGVkX0ltYWdlX2lqd3ZpYmlqd3ZpYmlqd3YtMS5qcGciLCJzbGlkZXNob3ciOiIzMjI2NjJjZSJ9\" data-elementor-lightbox-title=\"Gemini_Generated_Image_ijwvibijwvibijwv (1)\" href=\"https:\/\/paraisolaguna.com\/wp-content\/uploads\/2025\/11\/Gemini_Generated_Image_ijwvibijwvibijwv-1.jpg\"><img width=\"2048\" height=\"2048\" src=\"https:\/\/paraisolaguna.com\/wp-content\/uploads\/2025\/11\/Gemini_Generated_Image_ijwvibijwvibijwv-1.jpg\" alt=\"\" decoding=\"async\" srcset=\"https:\/\/paraisolaguna.com\/wp-content\/uploads\/2025\/11\/Gemini_Generated_Image_ijwvibijwvibijwv-1.jpg 2048w, https:\/\/paraisolaguna.com\/wp-content\/uploads\/2025\/11\/Gemini_Generated_Image_ijwvibijwvibijwv-1-300x300.jpg 300w, https:\/\/paraisolaguna.com\/wp-content\/uploads\/2025\/11\/Gemini_Generated_Image_ijwvibijwvibijwv-1-1024x1024.jpg 1024w, https:\/\/paraisolaguna.com\/wp-content\/uploads\/2025\/11\/Gemini_Generated_Image_ijwvibijwvibijwv-1-150x150.jpg 150w, https:\/\/paraisolaguna.com\/wp-content\/uploads\/2025\/11\/Gemini_Generated_Image_ijwvibijwvibijwv-1-768x768.jpg 768w, https:\/\/paraisolaguna.com\/wp-content\/uploads\/2025\/11\/Gemini_Generated_Image_ijwvibijwvibijwv-1-1536x1536.jpg 1536w\" sizes=\"(max-width: 2048px) 100vw, 2048px\" \/><\/a><br \/>\n\t\t\t<\/figure>\n<figure class='gallery-item'>\n\t\t\t\t<a data-elementor-open-lightbox=\"yes\" data-elementor-lightbox-slideshow=\"322662ce\" data-e-action-hash=\"#elementor-action%3Aaction%3Dlightbox%26settings%3DeyJpZCI6NzEzLCJ1cmwiOiJodHRwczpcL1wvcGFyYWlzb2xhZ3VuYS5jb21cL3dwLWNvbnRlbnRcL3VwbG9hZHNcLzIwMjVcLzExXC9HZW1pbmlfR2VuZXJhdGVkX0ltYWdlX2djZW16Z2NlbXpnY2VtemcuanBnIiwic2xpZGVzaG93IjoiMzIyNjYyY2UifQ%3D%3D\" data-elementor-lightbox-title=\"Gemini_Generated_Image_ijwvibijwvibijwv (1)\" href=\"https:\/\/paraisolaguna.com\/wp-content\/uploads\/2025\/11\/Gemini_Generated_Image_gcemzgcemzgcemzg.jpg\"><img width=\"2048\" height=\"2048\" src=\"https:\/\/paraisolaguna.com\/wp-content\/uploads\/2025\/11\/Gemini_Generated_Image_gcemzgcemzgcemzg.jpg\" alt=\"\" decoding=\"async\" srcset=\"https:\/\/paraisolaguna.com\/wp-content\/uploads\/2025\/11\/Gemini_Generated_Image_gcemzgcemzgcemzg.jpg 2048w, https:\/\/paraisolaguna.com\/wp-content\/uploads\/2025\/11\/Gemini_Generated_Image_gcemzgcemzgcemzg-300x300.jpg 300w, https:\/\/paraisolaguna.com\/wp-content\/uploads\/2025\/11\/Gemini_Generated_Image_gcemzgcemzgcemzg-1024x1024.jpg 1024w, https:\/\/paraisolaguna.com\/wp-content\/uploads\/2025\/11\/Gemini_Generated_Image_gcemzgcemzgcemzg-150x150.jpg 150w, https:\/\/paraisolaguna.com\/wp-content\/uploads\/2025\/11\/Gemini_Generated_Image_gcemzgcemzgcemzg-768x768.jpg 768w, https:\/\/paraisolaguna.com\/wp-content\/uploads\/2025\/11\/Gemini_Generated_Image_gcemzgcemzgcemzg-1536x1536.jpg 1536w\" sizes=\"(max-width: 2048px) 100vw, 2048px\" \/><\/a><br \/>\n\t\t\t<\/figure>\n<figure class='gallery-item'>\n\t\t\t\t<a data-elementor-open-lightbox=\"yes\" data-elementor-lightbox-slideshow=\"322662ce\" data-e-action-hash=\"#elementor-action%3Aaction%3Dlightbox%26settings%3DeyJpZCI6NzExLCJ1cmwiOiJodHRwczpcL1wvcGFyYWlzb2xhZ3VuYS5jb21cL3dwLWNvbnRlbnRcL3VwbG9hZHNcLzIwMjVcLzExXC9HZW1pbmlfR2VuZXJhdGVkX0ltYWdlXzl4ZXVqNjl4ZXVqNjl4ZXUuanBnIiwic2xpZGVzaG93IjoiMzIyNjYyY2UifQ%3D%3D\" data-elementor-lightbox-title=\"Gemini_Generated_Image_ijwvibijwvibijwv (1)\" href=\"https:\/\/paraisolaguna.com\/wp-content\/uploads\/2025\/11\/Gemini_Generated_Image_9xeuj69xeuj69xeu.jpg\"><img loading=\"lazy\" width=\"2048\" height=\"2048\" src=\"https:\/\/paraisolaguna.com\/wp-content\/uploads\/2025\/11\/Gemini_Generated_Image_9xeuj69xeuj69xeu.jpg\" alt=\"\" decoding=\"async\" srcset=\"https:\/\/paraisolaguna.com\/wp-content\/uploads\/2025\/11\/Gemini_Generated_Image_9xeuj69xeuj69xeu.jpg 2048w, https:\/\/paraisolaguna.com\/wp-content\/uploads\/2025\/11\/Gemini_Generated_Image_9xeuj69xeuj69xeu-300x300.jpg 300w, https:\/\/paraisolaguna.com\/wp-content\/uploads\/2025\/11\/Gemini_Generated_Image_9xeuj69xeuj69xeu-1024x1024.jpg 1024w, https:\/\/paraisolaguna.com\/wp-content\/uploads\/2025\/11\/Gemini_Generated_Image_9xeuj69xeuj69xeu-150x150.jpg 150w, https:\/\/paraisolaguna.com\/wp-content\/uploads\/2025\/11\/Gemini_Generated_Image_9xeuj69xeuj69xeu-768x768.jpg 768w, https:\/\/paraisolaguna.com\/wp-content\/uploads\/2025\/11\/Gemini_Generated_Image_9xeuj69xeuj69xeu-1536x1536.jpg 1536w\" sizes=\"(max-width: 2048px) 100vw, 2048px\" \/><\/a><br \/>\n\t\t\t<\/figure>\n<h2>FAQ.<\/h2>\n<h3>\n<h2 style=\"font-weight: 500;line-height: 1.2;font-size: 24px;font-style: normal;letter-spacing: normal;text-align: start\">Frequently Asked Questions \u2013 Bioluminescence Tour<\/h2>\n<\/h3>\n<p>\t\t\t\t\t\t\t\t\t\t\t\t\t\t\t<svg viewbox=\"0 0 192 512\" xmlns=\"http:\/\/www.w3.org\/2000\/svg\"><path d=\"M0 384.662V127.338c0-17.818 21.543-26.741 34.142-14.142l128.662 128.662c7.81 7.81 7.81 20.474 0 28.284L34.142 398.804C21.543 411.404 0 402.48 0 384.662z\"><\/path><\/svg><br \/>\n\t\t\t\t\t\t\t\t<svg viewbox=\"0 0 320 512\" xmlns=\"http:\/\/www.w3.org\/2000\/svg\"><path d=\"M288.662 352H31.338c-17.818 0-26.741-21.543-14.142-34.142l128.662-128.662c7.81-7.81 20.474-7.81 28.284 0l128.662 128.662c12.6 12.599 3.676 34.142-14.142 34.142z\"><\/path><\/svg><br \/>\n\t\t\t\t\t\t\t\t\t\t\t\t<a tabindex=\"0\">Is transportation included in this tour?<\/a><\/p>\n<p>Yes, pickup from your accommodation is included at no extra cost if it&#039;s located within Puerto Escondido. If you&#039;re outside the city limits, transportation can be arranged for an additional fee.<\/p>\n<p>\t\t\t\t\t\t\t\t\t\t\t\t\t\t\t<svg viewbox=\"0 0 192 512\" xmlns=\"http:\/\/www.w3.org\/2000\/svg\"><path d=\"M0 384.662V127.338c0-17.818 21.543-26.741 34.142-14.142l128.662 128.662c7.81 7.81 7.81 20.474 0 28.284L34.142 398.804C21.543 411.404 0 402.48 0 384.662z\"><\/path><\/svg><br \/>\n\t\t\t\t\t\t\t\t<svg viewbox=\"0 0 320 512\" xmlns=\"http:\/\/www.w3.org\/2000\/svg\"><path d=\"M288.662 352H31.338c-17.818 0-26.741-21.543-14.142-34.142l128.662-128.662c7.81-7.81 20.474-7.81 28.284 0l128.662 128.662c12.6 12.599 3.676 34.142-14.142 34.142z\"><\/path><\/svg><br \/>\n\t\t\t\t\t\t\t\t\t\t\t\t<a tabindex=\"0\">When will I be picked up for the visit?<\/a><\/p>\n<p>Pick-up starts in the afternoon. We will confirm the exact time after you make the reservation, based on your location.<\/p>\n<p>\t\t\t\t\t\t\t\t\t\t\t\t\t\t\t<svg viewbox=\"0 0 192 512\" xmlns=\"http:\/\/www.w3.org\/2000\/svg\"><path d=\"M0 384.662V127.338c0-17.818 21.543-26.741 34.142-14.142l128.662 128.662c7.81 7.81 7.81 20.474 0 28.284L34.142 398.804C21.543 411.404 0 402.48 0 384.662z\"><\/path><\/svg><br \/>\n\t\t\t\t\t\t\t\t<svg viewbox=\"0 0 320 512\" xmlns=\"http:\/\/www.w3.org\/2000\/svg\"><path d=\"M288.662 352H31.338c-17.818 0-26.741-21.543-14.142-34.142l128.662-128.662c7.81-7.81 20.474-7.81 28.284 0l128.662 128.662c12.6 12.599 3.676 34.142-14.142 34.142z\"><\/path><\/svg><br \/>\n\t\t\t\t\t\t\t\t\t\t\t\t<a tabindex=\"0\">Will I be able to swim during the tour?, suspendisse pv ehicula eleifend?<\/a><\/p>\n<p>Absolutely! Swimming in the glowing bioluminescent waters is one of the most magical parts of this experience. It&#039;s completely safe and optional\u2014just bring a swimsuit and towel.<\/p>\n<p>\t\t\t\t\t\t\t\t\t\t\t\t\t\t\t<svg viewbox=\"0 0 192 512\" xmlns=\"http:\/\/www.w3.org\/2000\/svg\"><path d=\"M0 384.662V127.338c0-17.818 21.543-26.741 34.142-14.142l128.662 128.662c7.81 7.81 7.81 20.474 0 28.284L34.142 398.804C21.543 411.404 0 402.48 0 384.662z\"><\/path><\/svg><br \/>\n\t\t\t\t\t\t\t\t<svg viewbox=\"0 0 320 512\" xmlns=\"http:\/\/www.w3.org\/2000\/svg\"><path d=\"M288.662 352H31.338c-17.818 0-26.741-21.543-14.142-34.142l128.662-128.662c7.81-7.81 20.474-7.81 28.284 0l128.662 128.662c12.6 12.599 3.676 34.142-14.142 34.142z\"><\/path><\/svg><br \/>\n\t\t\t\t\t\t\t\t\t\t\t\t<a tabindex=\"0\">What safety measures should I know before starting the tour?<\/a><\/p>\n<ul>\n<li>\n<p>The lagoon is calm and safe, but all participants must follow the guide&#039;s instructions, especially when getting on or off the boat. Life jackets are available upon request.<\/p>\n<\/li>\n<\/ul>\n<p>\t\t\t\t\t\t\t\t\t\t\t\t\t\t\t<svg viewbox=\"0 0 192 512\" xmlns=\"http:\/\/www.w3.org\/2000\/svg\"><path d=\"M0 384.662V127.338c0-17.818 21.543-26.741 34.142-14.142l128.662 128.662c7.81 7.81 7.81 20.474 0 28.284L34.142 398.804C21.543 411.404 0 402.48 0 384.662z\"><\/path><\/svg><br \/>\n\t\t\t\t\t\t\t\t<svg viewbox=\"0 0 320 512\" xmlns=\"http:\/\/www.w3.org\/2000\/svg\"><path d=\"M288.662 352H31.338c-17.818 0-26.741-21.543-14.142-34.142l128.662-128.662c7.81-7.81 20.474-7.81 28.284 0l128.662 128.662c12.6 12.599 3.676 34.142-14.142 34.142z\"><\/path><\/svg><br \/>\n\t\t\t\t\t\t\t\t\t\t\t\t<a tabindex=\"0\">What if I still have questions?<\/a><\/p>\n<p>We&#039;re here to help! Just give us a call or send us a message at\u00a0<b>+52 954 161 1334<\/b>\u00a0and we will gladly assist you.<\/p>","protected":false},"excerpt":{"rendered":"<p>Aguas termales entre la monta\u00f1a y la naturaleza Cotizar por WhatsApp 7 horas aproximadamente Transporte Incluido&nbsp; Todos los d\u00edas Minimos 2 personas Conoce m\u00e1s&#8230; Ad\u00e9ntrate en la vegetaci\u00f3n para descubrir las pozas termales de Atotonilco. Estas aguas naturales tienen propiedades minerales curativas. Es un spa al aire libre rodeado de sonidos de la naturaleza, ideal [&hellip;]<\/p>\n","protected":false},"author":1,"featured_media":0,"parent":0,"menu_order":0,"comment_status":"closed","ping_status":"closed","template":"elementor_header_footer","meta":{"site-sidebar-layout":"no-sidebar","site-content-layout":"","ast-site-content-layout":"full-width-container","site-content-style":"default","site-sidebar-style":"default","ast-global-header-display":"","ast-banner-title-visibility":"","ast-main-header-display":"","ast-hfb-above-header-display":"","ast-hfb-below-header-display":"","ast-hfb-mobile-header-display":"","site-post-title":"","ast-breadcrumbs-content":"","ast-featured-img":"disabled","footer-sml-layout":"","ast-disable-related-posts":"","theme-transparent-header-meta":"","adv-header-id-meta":"","stick-header-meta":"","header-above-stick-meta":"","header-main-stick-meta":"","header-below-stick-meta":"","astra-migrate-meta-layouts":"default","ast-page-background-enabled":"default","ast-page-background-meta":{"desktop":{"background-color":"var(--ast-global-color-4)","background-image":"","background-repeat":"repeat","background-position":"center center","background-size":"auto","background-attachment":"scroll","background-type":"","background-media":"","overlay-type":"","overlay-color":"","overlay-opacity":"","overlay-gradient":""},"tablet":{"background-color":"","background-image":"","background-repeat":"repeat","background-position":"center center","background-size":"auto","background-attachment":"scroll","background-type":"","background-media":"","overlay-type":"","overlay-color":"","overlay-opacity":"","overlay-gradient":""},"mobile":{"background-color":"","background-image":"","background-repeat":"repeat","background-position":"center center","background-size":"auto","background-attachment":"scroll","background-type":"","background-media":"","overlay-type":"","overlay-color":"","overlay-opacity":"","overlay-gradient":""}},"ast-content-background-meta":{"desktop":{"background-color":"var(--ast-global-color-5)","background-image":"","background-repeat":"repeat","background-position":"center center","background-size":"auto","background-attachment":"scroll","background-type":"","background-media":"","overlay-type":"","overlay-color":"","overlay-opacity":"","overlay-gradient":""},"tablet":{"background-color":"var(--ast-global-color-5)","background-image":"","background-repeat":"repeat","background-position":"center center","background-size":"auto","background-attachment":"scroll","background-type":"","background-media":"","overlay-type":"","overlay-color":"","overlay-opacity":"","overlay-gradient":""},"mobile":{"background-color":"var(--ast-global-color-5)","background-image":"","background-repeat":"repeat","background-position":"center center","background-size":"auto","background-attachment":"scroll","background-type":"","background-media":"","overlay-type":"","overlay-color":"","overlay-opacity":"","overlay-gradient":""}},"_joinchat":[],"footnotes":""},"class_list":["post-446","page","type-page","status-publish","hentry"],"_hostinger_reach_plugin_has_subscription_block":false,"_hostinger_reach_plugin_is_elementor":false,"_links":{"self":[{"href":"https:\/\/paraisolaguna.com\/en\/wp-json\/wp\/v2\/pages\/446","targetHints":{"allow":["GET"]}}],"collection":[{"href":"https:\/\/paraisolaguna.com\/en\/wp-json\/wp\/v2\/pages"}],"about":[{"href":"https:\/\/paraisolaguna.com\/en\/wp-json\/wp\/v2\/types\/page"}],"author":[{"embeddable":true,"href":"https:\/\/paraisolaguna.com\/en\/wp-json\/wp\/v2\/users\/1"}],"replies":[{"embeddable":true,"href":"https:\/\/paraisolaguna.com\/en\/wp-json\/wp\/v2\/comments?post=446"}],"version-history":[{"count":3,"href":"https:\/\/paraisolaguna.com\/en\/wp-json\/wp\/v2\/pages\/446\/revisions"}],"predecessor-version":[{"id":936,"href":"https:\/\/paraisolaguna.com\/en\/wp-json\/wp\/v2\/pages\/446\/revisions\/936"}],"wp:attachment":[{"href":"https:\/\/paraisolaguna.com\/en\/wp-json\/wp\/v2\/media?parent=446"}],"curies":[{"name":"wp","href":"https:\/\/api.w.org\/{rel}","templated":true}]}}